{"id":45570,"date":"2023-02-19T16:33:06","date_gmt":"2023-02-19T16:33:06","guid":{"rendered":"https:\/\/lanbi.com\/datenschutz-bestimmungen\/"},"modified":"2023-04-20T18:52:47","modified_gmt":"2023-04-20T18:52:47","slug":"datenschutz-bestimmungen","status":"publish","type":"page","link":"https:\/\/lanbi.com\/de\/datenschutz-bestimmungen\/","title":{"rendered":"Datenschutz-Bestimmungen"},"content":{"rendered":"<p><div class=\"fusion-fullwidth fullwidth-box fusion-builder-row-1 fusion-flex-container hundred-percent-fullwidth non-hundred-percent-height-scrolling\" style=\"--awb-border-radius-top-left:0px;--awb-border-radius-top-right:0px;--awb-border-radius-bottom-right:0px;--awb-border-radius-bottom-left:0px;--awb-padding-right:0px;--awb-padding-left:0px;--awb-margin-top:0px;--awb-flex-wrap:wrap;\" ><div class=\"fusion-builder-row fusion-row fusion-flex-align-items-flex-start fusion-flex-content-wrap\" style=\"width:104% !important;max-width:104% !important;margin-left: calc(-4% \/ 2 );margin-right: calc(-4% \/ 2 );\"><div class=\"fusion-layout-column fusion_builder_column fusion-builder-column-0 fusion_builder_column_1_1 1_1 fusion-flex-column\" style=\"--awb-bg-position:left center;--awb-bg-size:cover;--awb-width-large:100%;--awb-margin-top-large:-120px;--awb-spacing-right-large:1.92%;--awb-margin-bottom-large:20px;--awb-spacing-left-large:1.92%;--awb-width-medium:100%;--awb-order-medium:0;--awb-spacing-right-medium:1.92%;--awb-spacing-left-medium:1.92%;--awb-width-small:100%;--awb-order-small:0;--awb-spacing-right-small:1.92%;--awb-spacing-left-small:1.92%;\"><div class=\"fusion-column-wrapper lazyload fusion-column-has-shadow fusion-flex-justify-content-flex-end fusion-content-layout-column fusion-column-has-bg-image\" data-bg-url=\"https:\/\/lanbi.com\/wp-content\/uploads\/2022\/09\/digital-header.jpg\" data-bg=\"https:\/\/lanbi.com\/wp-content\/uploads\/2022\/09\/digital-header.jpg\"><div class=\"mk-video-mask\"><\/div><div class=\"mk-video-mask\"><\/div><div class=\"fusion-title title fusion-title-1 fusion-title-center fusion-title-text fusion-title-size-one title-ztop\" style=\"--awb-margin-top:120px;\"><div class=\"title-sep-container title-sep-container-left\"><div class=\"title-sep sep- sep-solid\" style=\"border-color:var(--awb-color3);\"><\/div><\/div><span class=\"awb-title-spacer\"><\/span><h1 class=\"fusion-title-heading title-heading-center fusion-responsive-typography-calculated\" style=\"font-family:&quot;Montserrat&quot;;font-style:normal;font-weight:700;margin:0;text-transform:capitalize;--fontSize:60;line-height:var(--awb-typography1-line-height);\"><span style=\"color: #ffffff;\">Datenschutz-Bestimmungen<\/span><\/h1><span class=\"awb-title-spacer\"><\/span><div class=\"title-sep-container title-sep-container-right\"><div class=\"title-sep sep- sep-solid\" style=\"border-color:var(--awb-color3);\"><\/div><\/div><\/div><\/div><\/div><div class=\"fusion-layout-column fusion_builder_column fusion-builder-column-1 fusion_builder_column_1_1 1_1 fusion-flex-column\" style=\"--awb-bg-size:cover;--awb-width-large:100%;--awb-margin-top-large:0px;--awb-spacing-right-large:1.92%;--awb-margin-bottom-large:20px;--awb-spacing-left-large:1.92%;--awb-width-medium:100%;--awb-order-medium:0;--awb-spacing-right-medium:1.92%;--awb-spacing-left-medium:1.92%;--awb-width-small:100%;--awb-order-small:0;--awb-spacing-right-small:1.92%;--awb-spacing-left-small:1.92%;\"><div class=\"fusion-column-wrapper fusion-column-has-shadow fusion-flex-justify-content-flex-start fusion-content-layout-column\"><nav class=\"fusion-breadcrumbs awb-yoast-breadcrumbs fusion-breadcrumbs-1 migas-bold\" style=\"--awb-margin-left:50px;--awb-breadcrumb-sep:&#039;&gt;&#039;;\" aria-label=\"Breadcrumb\"><span><span><a href=\"https:\/\/lanbi.com\/de\/home\/\">Home<\/a><\/span><\/span><\/nav><\/div><\/div><\/div><\/div><div class=\"fusion-fullwidth fullwidth-box fusion-builder-row-2 fusion-flex-container nonhundred-percent-fullwidth non-hundred-percent-height-scrolling\" style=\"--awb-border-radius-top-left:0px;--awb-border-radius-top-right:0px;--awb-border-radius-bottom-right:0px;--awb-border-radius-bottom-left:0px;--awb-flex-wrap:wrap;\" ><div class=\"fusion-builder-row fusion-row fusion-flex-align-items-flex-start fusion-flex-content-wrap\" style=\"max-width:1632.8px;margin-left: calc(-4% \/ 2 );margin-right: calc(-4% \/ 2 );\"><div class=\"fusion-layout-column fusion_builder_column fusion-builder-column-2 fusion_builder_column_1_1 1_1 fusion-flex-column\" style=\"--awb-bg-size:cover;--awb-width-large:100%;--awb-margin-top-large:0px;--awb-spacing-right-large:1.92%;--awb-margin-bottom-large:20px;--awb-spacing-left-large:1.92%;--awb-width-medium:100%;--awb-order-medium:0;--awb-spacing-right-medium:1.92%;--awb-spacing-left-medium:1.92%;--awb-width-small:100%;--awb-order-small:0;--awb-spacing-right-small:1.92%;--awb-spacing-left-small:1.92%;\"><div class=\"fusion-column-wrapper fusion-column-has-shadow fusion-flex-justify-content-flex-start fusion-content-layout-column\"><div class=\"fusion-title title fusion-title-2 fusion-title-center fusion-title-text fusion-title-size-two\"><div class=\"title-sep-container title-sep-container-left\"><div class=\"title-sep sep- sep-solid\" style=\"border-color:var(--awb-color3);\"><\/div><\/div><span class=\"awb-title-spacer\"><\/span><h2 class=\"fusion-title-heading title-heading-center fusion-responsive-typography-calculated\" style=\"margin:0;text-transform:capitalize;--fontSize:42;line-height:var(--awb-typography1-line-height);\">DATENSCHUTZ-BESTIMMUNGEN<\/h2><span class=\"awb-title-spacer\"><\/span><div class=\"title-sep-container title-sep-container-right\"><div class=\"title-sep sep- sep-solid\" style=\"border-color:var(--awb-color3);\"><\/div><\/div><\/div><div class=\"fusion-text fusion-text-1\" style=\"--awb-font-size:16px;--awb-margin-right:10%;--awb-margin-left:10%;\"><p>Ebenso m\u00fcssen Sie f\u00fcr den Zugang zu einigen der von <b>Industrias LANBI, S.A.<\/b> auf der Website angebotenen Dienstleistungen einige pers\u00f6nliche Daten angeben. In \u00dcbereinstimmung mit dem Verfassungsgesetz 15\/1999 vom 13. Dezember \u00fcber den Schutz personenbezogener Daten informieren wir Sie dar\u00fcber, dass Ihre Angaben nach dem Ausf\u00fcllen des vorliegenden Formulars in den Dateien von <b>Industrias LANBI, S.A.<\/b> gespeichert und verwendet werden, um unsere Dienstleistungen anzubieten und um Sie \u00fcber Verbesserungen oder \u00c4nderungen auf unserer Website zu informieren.<\/p>\n<p>Likewise, we inform of the possibility of exercising your right to access, rectify, cancel and object to your personal data at <b>comercial@lanbi.com<\/b> or at Ctra. Donostia-Bilbo km 53 20870 Elgoibar (Basque Country). <\/p>\n<\/div><\/div><\/div><\/div><\/div><div class=\"fusion-fullwidth fullwidth-box fusion-builder-row-3 fusion-flex-container nonhundred-percent-fullwidth non-hundred-percent-height-scrolling\" style=\"--awb-border-radius-top-left:0px;--awb-border-radius-top-right:0px;--awb-border-radius-bottom-right:0px;--awb-border-radius-bottom-left:0px;--awb-flex-wrap:wrap;\" ><div class=\"fusion-builder-row fusion-row fusion-flex-align-items-flex-start fusion-flex-justify-content-center fusion-flex-content-wrap\" style=\"max-width:1632.8px;margin-left: calc(-4% \/ 2 );margin-right: calc(-4% \/ 2 );\"><\/div><\/div><\/p>\n","protected":false},"excerpt":{"rendered":"","protected":false},"author":1,"featured_media":15404,"parent":0,"menu_order":0,"comment_status":"closed","ping_status":"closed","template":"100-width.php","meta":[],"yoast_head":"<!-- This site is optimized with the Yoast SEO plugin v20.10 - https:\/\/yoast.com\/wordpress\/plugins\/seo\/ -->\n<title>Datenschutz-Bestimmungen - LANBI Ball Joints &amp; Tie Rods<\/title>\n<meta name=\"robots\" content=\"index, follow, max-snippet:-1, max-image-preview:large, max-video-preview:-1\" \/>\n<link rel=\"canonical\" href=\"https:\/\/lanbi.com\/de\/datenschutz-bestimmungen\/\" \/>\n<meta property=\"og:locale\" content=\"de_DE\" \/>\n<meta property=\"og:type\" content=\"article\" \/>\n<meta property=\"og:title\" content=\"Datenschutz-Bestimmungen - LANBI Ball Joints &amp; Tie Rods\" \/>\n<meta property=\"og:url\" content=\"https:\/\/lanbi.com\/de\/datenschutz-bestimmungen\/\" \/>\n<meta property=\"og:site_name\" content=\"LANBI Ball Joints &amp; Tie Rods\" \/>\n<meta property=\"article:modified_time\" content=\"2023-04-20T18:52:47+00:00\" \/>\n<meta property=\"og:image\" content=\"https:\/\/lanbi.com\/wp-content\/uploads\/2021\/11\/banner-13.jpg\" \/>\n\t<meta property=\"og:image:width\" content=\"1393\" \/>\n\t<meta property=\"og:image:height\" content=\"430\" \/>\n\t<meta property=\"og:image:type\" content=\"image\/jpeg\" \/>\n<meta name=\"twitter:card\" content=\"summary_large_image\" \/>\n<meta name=\"twitter:label1\" content=\"Gesch\u00e4tzte Lesezeit\" \/>\n\t<meta name=\"twitter:data1\" content=\"7\u00a0Minuten\" \/>\n<script type=\"application\/ld+json\" class=\"yoast-schema-graph\">{\"@context\":\"https:\/\/schema.org\",\"@graph\":[{\"@type\":\"WebPage\",\"@id\":\"https:\/\/lanbi.com\/de\/datenschutz-bestimmungen\/\",\"url\":\"https:\/\/lanbi.com\/de\/datenschutz-bestimmungen\/\",\"name\":\"Datenschutz-Bestimmungen - LANBI Ball Joints &amp; Tie Rods\",\"isPartOf\":{\"@id\":\"https:\/\/lanbi.com\/de\/#website\"},\"datePublished\":\"2023-02-19T16:33:06+00:00\",\"dateModified\":\"2023-04-20T18:52:47+00:00\",\"breadcrumb\":{\"@id\":\"https:\/\/lanbi.com\/de\/datenschutz-bestimmungen\/#breadcrumb\"},\"inLanguage\":\"de\",\"potentialAction\":[{\"@type\":\"ReadAction\",\"target\":[\"https:\/\/lanbi.com\/de\/datenschutz-bestimmungen\/\"]}]},{\"@type\":\"BreadcrumbList\",\"@id\":\"https:\/\/lanbi.com\/de\/datenschutz-bestimmungen\/#breadcrumb\",\"itemListElement\":[{\"@type\":\"ListItem\",\"position\":1,\"name\":\"Home\",\"item\":\"https:\/\/lanbi.com\/de\/home\/\"},{\"@type\":\"ListItem\",\"position\":2,\"name\":\"Datenschutz-Bestimmungen\"}]},{\"@type\":\"WebSite\",\"@id\":\"https:\/\/lanbi.com\/de\/#website\",\"url\":\"https:\/\/lanbi.com\/de\/\",\"name\":\"LANBI Ball Joints &amp; Tie Rods\",\"description\":\"LANBI ball joints &amp; tie rods\",\"publisher\":{\"@id\":\"https:\/\/lanbi.com\/de\/#organization\"},\"potentialAction\":[{\"@type\":\"SearchAction\",\"target\":{\"@type\":\"EntryPoint\",\"urlTemplate\":\"https:\/\/lanbi.com\/de\/?s={search_term_string}\"},\"query-input\":\"required name=search_term_string\"}],\"inLanguage\":\"de\"},{\"@type\":\"Organization\",\"@id\":\"https:\/\/lanbi.com\/de\/#organization\",\"name\":\"LANBI Ball Joints &amp; Tie Rods\",\"url\":\"https:\/\/lanbi.com\/de\/\",\"logo\":{\"@type\":\"ImageObject\",\"inLanguage\":\"de\",\"@id\":\"https:\/\/lanbi.com\/de\/#\/schema\/logo\/image\/\",\"url\":\"https:\/\/lanbi.com\/wp-content\/uploads\/2022\/05\/logo-lanbi_negro.png\",\"contentUrl\":\"https:\/\/lanbi.com\/wp-content\/uploads\/2022\/05\/logo-lanbi_negro.png\",\"width\":322,\"height\":100,\"caption\":\"LANBI Ball Joints &amp; Tie Rods\"},\"image\":{\"@id\":\"https:\/\/lanbi.com\/de\/#\/schema\/logo\/image\/\"}}]}<\/script>\n<!-- \/ Yoast SEO plugin. -->","yoast_head_json":{"title":"Datenschutz-Bestimmungen - LANBI Ball Joints &amp; Tie Rods","robots":{"index":"index","follow":"follow","max-snippet":"max-snippet:-1","max-image-preview":"max-image-preview:large","max-video-preview":"max-video-preview:-1"},"canonical":"https:\/\/lanbi.com\/de\/datenschutz-bestimmungen\/","og_locale":"de_DE","og_type":"article","og_title":"Datenschutz-Bestimmungen - LANBI Ball Joints &amp; Tie Rods","og_url":"https:\/\/lanbi.com\/de\/datenschutz-bestimmungen\/","og_site_name":"LANBI Ball Joints &amp; Tie Rods","article_modified_time":"2023-04-20T18:52:47+00:00","og_image":[{"width":1393,"height":430,"url":"https:\/\/lanbi.com\/wp-content\/uploads\/2021\/11\/banner-13.jpg","type":"image\/jpeg"}],"twitter_card":"summary_large_image","twitter_misc":{"Gesch\u00e4tzte Lesezeit":"7\u00a0Minuten"},"schema":{"@context":"https:\/\/schema.org","@graph":[{"@type":"WebPage","@id":"https:\/\/lanbi.com\/de\/datenschutz-bestimmungen\/","url":"https:\/\/lanbi.com\/de\/datenschutz-bestimmungen\/","name":"Datenschutz-Bestimmungen - LANBI Ball Joints &amp; Tie Rods","isPartOf":{"@id":"https:\/\/lanbi.com\/de\/#website"},"datePublished":"2023-02-19T16:33:06+00:00","dateModified":"2023-04-20T18:52:47+00:00","breadcrumb":{"@id":"https:\/\/lanbi.com\/de\/datenschutz-bestimmungen\/#breadcrumb"},"inLanguage":"de","potentialAction":[{"@type":"ReadAction","target":["https:\/\/lanbi.com\/de\/datenschutz-bestimmungen\/"]}]},{"@type":"BreadcrumbList","@id":"https:\/\/lanbi.com\/de\/datenschutz-bestimmungen\/#breadcrumb","itemListElement":[{"@type":"ListItem","position":1,"name":"Home","item":"https:\/\/lanbi.com\/de\/home\/"},{"@type":"ListItem","position":2,"name":"Datenschutz-Bestimmungen"}]},{"@type":"WebSite","@id":"https:\/\/lanbi.com\/de\/#website","url":"https:\/\/lanbi.com\/de\/","name":"LANBI Ball Joints &amp; Tie Rods","description":"LANBI ball joints &amp; tie rods","publisher":{"@id":"https:\/\/lanbi.com\/de\/#organization"},"potentialAction":[{"@type":"SearchAction","target":{"@type":"EntryPoint","urlTemplate":"https:\/\/lanbi.com\/de\/?s={search_term_string}"},"query-input":"required name=search_term_string"}],"inLanguage":"de"},{"@type":"Organization","@id":"https:\/\/lanbi.com\/de\/#organization","name":"LANBI Ball Joints &amp; Tie Rods","url":"https:\/\/lanbi.com\/de\/","logo":{"@type":"ImageObject","inLanguage":"de","@id":"https:\/\/lanbi.com\/de\/#\/schema\/logo\/image\/","url":"https:\/\/lanbi.com\/wp-content\/uploads\/2022\/05\/logo-lanbi_negro.png","contentUrl":"https:\/\/lanbi.com\/wp-content\/uploads\/2022\/05\/logo-lanbi_negro.png","width":322,"height":100,"caption":"LANBI Ball Joints &amp; Tie Rods"},"image":{"@id":"https:\/\/lanbi.com\/de\/#\/schema\/logo\/image\/"}}]}},"_links":{"self":[{"href":"https:\/\/lanbi.com\/de\/wp-json\/wp\/v2\/pages\/45570"}],"collection":[{"href":"https:\/\/lanbi.com\/de\/wp-json\/wp\/v2\/pages"}],"about":[{"href":"https:\/\/lanbi.com\/de\/wp-json\/wp\/v2\/types\/page"}],"author":[{"embeddable":true,"href":"https:\/\/lanbi.com\/de\/wp-json\/wp\/v2\/users\/1"}],"replies":[{"embeddable":true,"href":"https:\/\/lanbi.com\/de\/wp-json\/wp\/v2\/comments?post=45570"}],"version-history":[{"count":5,"href":"https:\/\/lanbi.com\/de\/wp-json\/wp\/v2\/pages\/45570\/revisions"}],"predecessor-version":[{"id":45575,"href":"https:\/\/lanbi.com\/de\/wp-json\/wp\/v2\/pages\/45570\/revisions\/45575"}],"wp:featuredmedia":[{"embeddable":true,"href":"https:\/\/lanbi.com\/de\/wp-json\/wp\/v2\/media\/15404"}],"wp:attachment":[{"href":"https:\/\/lanbi.com\/de\/wp-json\/wp\/v2\/media?parent=45570"}],"curies":[{"name":"wp","href":"https:\/\/api.w.org\/{rel}","templated":true}]}}