{"id":44614,"date":"2022-11-21T18:54:48","date_gmt":"2022-11-21T18:54:48","guid":{"rendered":"https:\/\/lanbi.com\/massgeschneiderte-loesungen\/"},"modified":"2023-04-18T18:45:51","modified_gmt":"2023-04-18T18:45:51","slug":"massgeschneiderte-loesungen","status":"publish","type":"page","link":"https:\/\/lanbi.com\/de\/massgeschneiderte-loesungen\/","title":{"rendered":"Ma\u00dfgeschneiderte L\u00f6sungen"},"content":{"rendered":"<p><div class=\"fusion-fullwidth fullwidth-box fusion-builder-row-1 fusion-flex-container hundred-percent-fullwidth non-hundred-percent-height-scrolling\" style=\"--awb-border-radius-top-left:0px;--awb-border-radius-top-right:0px;--awb-border-radius-bottom-right:0px;--awb-border-radius-bottom-left:0px;--awb-padding-right:0px;--awb-padding-left:0px;--awb-margin-top:0px;--awb-flex-wrap:wrap;\" ><div class=\"fusion-builder-row fusion-row fusion-flex-align-items-flex-start fusion-flex-content-wrap\" style=\"width:104% !important;max-width:104% !important;margin-left: calc(-4% \/ 2 );margin-right: calc(-4% \/ 2 );\"><div class=\"fusion-layout-column fusion_builder_column fusion-builder-column-0 fusion_builder_column_1_1 1_1 fusion-flex-column\" style=\"--awb-bg-position:left center;--awb-bg-size:cover;--awb-width-large:100%;--awb-margin-top-large:-120px;--awb-spacing-right-large:1.92%;--awb-margin-bottom-large:20px;--awb-spacing-left-large:1.92%;--awb-width-medium:100%;--awb-order-medium:0;--awb-spacing-right-medium:1.92%;--awb-spacing-left-medium:1.92%;--awb-width-small:100%;--awb-order-small:0;--awb-spacing-right-small:1.92%;--awb-spacing-left-small:1.92%;\"><div class=\"fusion-column-wrapper lazyload fusion-column-has-shadow fusion-flex-justify-content-flex-end fusion-content-layout-column fusion-column-has-bg-image\" data-bg-url=\"https:\/\/lanbi.com\/wp-content\/uploads\/2022\/09\/digital-header.jpg\" data-bg=\"https:\/\/lanbi.com\/wp-content\/uploads\/2022\/09\/digital-header.jpg\"><div class=\"mk-video-mask\"><\/div><div class=\"mk-video-mask\"><\/div><div class=\"fusion-title title fusion-title-1 fusion-title-center fusion-title-text fusion-title-size-one title-ztop\" style=\"--awb-margin-top:120px;\"><div class=\"title-sep-container title-sep-container-left\"><div class=\"title-sep sep- sep-solid\" style=\"border-color:var(--awb-color3);\"><\/div><\/div><span class=\"awb-title-spacer\"><\/span><h1 class=\"fusion-title-heading title-heading-center fusion-responsive-typography-calculated\" style=\"font-family:&quot;Montserrat&quot;;font-style:normal;font-weight:700;margin:0;text-transform:capitalize;--fontSize:60;line-height:var(--awb-typography1-line-height);\"><span style=\"color: #ffffff;\">Ma\u00dfgeschneiderte L\u00f6sungen<\/span><\/h1><span class=\"awb-title-spacer\"><\/span><div class=\"title-sep-container title-sep-container-right\"><div class=\"title-sep sep- sep-solid\" style=\"border-color:var(--awb-color3);\"><\/div><\/div><\/div><\/div><\/div><div class=\"fusion-layout-column fusion_builder_column fusion-builder-column-1 fusion_builder_column_1_1 1_1 fusion-flex-column\" style=\"--awb-bg-size:cover;--awb-width-large:100%;--awb-margin-top-large:0px;--awb-spacing-right-large:1.92%;--awb-margin-bottom-large:20px;--awb-spacing-left-large:1.92%;--awb-width-medium:100%;--awb-order-medium:0;--awb-spacing-right-medium:1.92%;--awb-spacing-left-medium:1.92%;--awb-width-small:100%;--awb-order-small:0;--awb-spacing-right-small:1.92%;--awb-spacing-left-small:1.92%;\"><div class=\"fusion-column-wrapper fusion-column-has-shadow fusion-flex-justify-content-flex-start fusion-content-layout-column\"><nav class=\"fusion-breadcrumbs awb-yoast-breadcrumbs fusion-breadcrumbs-1 migas-bold\" style=\"--awb-margin-left:50px;--awb-breadcrumb-sep:&#039;&gt;&#039;;\" aria-label=\"Breadcrumb\"><span><span><a href=\"https:\/\/lanbi.com\/de\/home\/\">Home<\/a><\/span><\/span><\/nav><\/div><\/div><\/div><\/div><div class=\"fusion-fullwidth fullwidth-box fusion-builder-row-2 fusion-flex-container nonhundred-percent-fullwidth non-hundred-percent-height-scrolling\" style=\"--awb-border-radius-top-left:0px;--awb-border-radius-top-right:0px;--awb-border-radius-bottom-right:0px;--awb-border-radius-bottom-left:0px;--awb-flex-wrap:wrap;\" ><div class=\"fusion-builder-row fusion-row fusion-flex-align-items-flex-start fusion-flex-content-wrap\" style=\"max-width:1632.8px;margin-left: calc(-4% \/ 2 );margin-right: calc(-4% \/ 2 );\"><div class=\"fusion-layout-column fusion_builder_column fusion-builder-column-2 fusion_builder_column_1_1 1_1 fusion-flex-column\" style=\"--awb-bg-size:cover;--awb-width-large:100%;--awb-margin-top-large:0px;--awb-spacing-right-large:1.92%;--awb-margin-bottom-large:20px;--awb-spacing-left-large:1.92%;--awb-width-medium:100%;--awb-order-medium:0;--awb-spacing-right-medium:1.92%;--awb-spacing-left-medium:1.92%;--awb-width-small:100%;--awb-order-small:0;--awb-spacing-right-small:1.92%;--awb-spacing-left-small:1.92%;\"><div class=\"fusion-column-wrapper fusion-column-has-shadow fusion-flex-justify-content-flex-start fusion-content-layout-column\"><div class=\"fusion-text fusion-text-1\" style=\"--awb-font-size:16px;--awb-margin-right:10%;--awb-margin-left:10%;\"><p style=\"text-align: center;\">Das 1969 in Elgoibar (Baskenland) gegr\u00fcndete Unternehmen LANBI basiert seinen Erfolg auf den F\u00e4higkeiten seiner Mitarbeiterinnen und Mitarbeiter und auf seiner langj\u00e4hrigen Erfahrung in der Bearbeitung und Montage. Unser Team aus dynamischen, jungen und hochqualifizierten Fachleuten arbeitet unerm\u00fcdlich an neuen und innovativen Ideen, um die Bed\u00fcrfnisse unserer Kunden zu erf\u00fcllen.<\/p>\n<p style=\"text-align: center;\">Die technische Abteilung von LANBI entwirft die besten L\u00f6sungen f\u00fcr die Bed\u00fcrfnisse des Kunden, indem sie mechanische 3D-Konstruktionen, Berechnungen des Fahrgestells und des Antriebssystems, elektrische und pneumatische Architekturen und Prototypen verwendet, um optimale Ergebnisse f\u00fcr jedes Projekt zu gew\u00e4hrleisten.<\/p>\n<p style=\"text-align: center;\">Die Forschungs- und Entwicklungsabteilung arbeitet st\u00e4ndig an neuen und innovativen Ideen, an der Anpassung des technischen Standards und an der Entwicklung neuer L\u00f6sungen, vor allem f\u00fcr Lenkungs- und Federungssysteme.<\/p>\n<p style=\"text-align: center;\"><span style=\"color: var(--awb-text-color); font-family: var(--awb-text-font-family); font-size: var(--awb-font-size); font-style: var(--awb-text-font-style); font-weight: var(--awb-text-font-weight); letter-spacing: var(--awb-letter-spacing); text-align: var(--awb-content-alignment); text-transform: var(--awb-text-transform); background-color: var(--awb-bg-color);\">Alle unsere Maschinen werden mit der<\/span> <a style=\"font-family: var(--awb-text-font-family); font-size: var(--awb-font-size); font-style: var(--awb-text-font-style); font-weight: var(--awb-text-font-weight); letter-spacing: var(--awb-letter-spacing); text-transform: var(--awb-text-transform); background-color: var(--awb-bg-color);\" href=\"https:\/\/lanbi.com\/service\/#digital\"><b><u><span style=\"color: var(--awb-color5);\">LANBI Digital Platform<\/span><\/u><\/b><\/a> <span style=\"color: var(--awb-text-color); font-family: var(--awb-text-font-family); font-size: var(--awb-font-size); font-style: var(--awb-text-font-style); font-weight: var(--awb-text-font-weight); letter-spacing: var(--awb-letter-spacing); text-transform: var(--awb-text-transform); background-color: var(--awb-bg-color);\">geliefert.<\/span> <span style=\"color: var(--awb-text-color); font-family: var(--awb-text-font-family); font-size: var(--awb-font-size); font-style: var(--awb-text-font-style); font-weight: var(--awb-text-font-weight); letter-spacing: var(--awb-letter-spacing); text-align: var(--awb-content-alignment); text-transform: var(--awb-text-transform); background-color: var(--awb-bg-color);\">Dank dieses Systems k\u00f6nnen sich unsere Kunden von jedem Ger\u00e4t mit Internetanschluss in Echtzeit \u00fcber die Leistung der Maschine informieren.<\/span><\/p>\n<p style=\"text-align: center;\">Das LANBI Worldwide Service Team ist bestrebt, sicherzustellen, dass unsere Anlagen mit maximaler Effizienz arbeiten und ein H\u00f6chstma\u00df an Leistung erbringen \u2013 ein wesentlicher Faktor f\u00fcr den Aufbau langfristiger Beziehungen zu unseren Kunden.<\/p>\n<\/div><div class=\"fusion-video fusion-selfhosted-video\" style=\"align-self:center;max-width:80%;\"><div class=\"video-wrapper\"><video playsinline=\"true\" width=\"100%\" style=\"object-fit: cover;\" autoplay=\"true\" muted=\"true\" loop=\"true\" preload=\"auto\" controls=\"1\"><source src=\"https:\/\/lanbi.com\/wp-content\/uploads\/2022\/11\/corporativo_2.mp4\" type=\"video\/mp4\">Sorry, your browser doesn&#039;t support embedded videos.<\/video><\/div><\/div><\/div><\/div><\/div><\/div><div class=\"fusion-fullwidth fullwidth-box fusion-builder-row-3 fusion-flex-container nonhundred-percent-fullwidth non-hundred-percent-height-scrolling\" style=\"--awb-border-radius-top-left:0px;--awb-border-radius-top-right:0px;--awb-border-radius-bottom-right:0px;--awb-border-radius-bottom-left:0px;--awb-flex-wrap:wrap;\" ><div class=\"fusion-builder-row fusion-row fusion-flex-align-items-flex-start fusion-flex-content-wrap\" style=\"max-width:1632.8px;margin-left: calc(-4% \/ 2 );margin-right: calc(-4% \/ 2 );\"><div class=\"fusion-layout-column fusion_builder_column fusion-builder-column-3 fusion_builder_column_1_1 1_1 fusion-flex-column\" style=\"--awb-bg-size:cover;--awb-width-large:100%;--awb-margin-top-large:33px;--awb-spacing-right-large:0%;--awb-margin-bottom-large:20px;--awb-spacing-left-large:1.92%;--awb-width-medium:100%;--awb-order-medium:0;--awb-spacing-right-medium:1.92%;--awb-spacing-left-medium:1.92%;--awb-width-small:100%;--awb-order-small:0;--awb-spacing-right-small:1.92%;--awb-spacing-left-small:1.92%;\"><div class=\"fusion-column-wrapper fusion-column-has-shadow fusion-flex-justify-content-flex-start fusion-content-layout-column\"><div class=\"awb-gallery-wrapper awb-gallery-wrapper-1 button-span-no\"><div style=\"margin:0px;--awb-bordersize:0px;\" class=\"fusion-gallery fusion-gallery-container fusion-grid-3 fusion-columns-total-5 fusion-gallery-layout-masonry fusion-gallery-1\"><div class=\"fusion-grid-column fusion-gallery-column fusion-gallery-column-3 hover-type-none fusion-grid-sizer\"><\/div><div style=\"padding:0.5px;\" class=\"fusion-grid-column fusion-gallery-column fusion-gallery-column-3 hover-type-none fusion-element-landscape\"><div class=\"fusion-gallery-image\"><a href=\"https:\/\/lanbi.com\/wp-content\/uploads\/2023\/01\/customized-1.jpg\" rel=\"noreferrer\" data-rel=\"iLightbox[gallery_image_1]\" class=\"fusion-lightbox\" target=\"_self\"><div style=\"padding-top:calc((100% + 0px) * 0.4 - 0.5px);background-position:;\" class=\"fusion-masonry-element-container lazyload\" data-bg=\"https:\/\/lanbi.com\/wp-content\/uploads\/2023\/01\/customized-1.jpg\"><img decoding=\"async\" src=\"https:\/\/lanbi.com\/wp-content\/uploads\/2023\/01\/customized-1.jpg\" data-orig-src=\"https:\/\/lanbi.com\/wp-content\/uploads\/2023\/01\/customized-1.jpg\" width=\"700\" height=\"349\" alt=\"\" title=\"customized-1\" aria-label=\"customized-1\" class=\"lazyload img-responsive wp-image-7556\" srcset=\"data:image\/svg+xml,%3Csvg%20xmlns%3D%27http%3A%2F%2Fwww.w3.org%2F2000%2Fsvg%27%20width%3D%27700%27%20height%3D%27349%27%20viewBox%3D%270%200%20700%20349%27%3E%3Crect%20width%3D%27700%27%20height%3D%27349%27%20fill-opacity%3D%220%22%2F%3E%3C%2Fsvg%3E\" data-srcset=\"https:\/\/lanbi.com\/wp-content\/uploads\/2023\/01\/customized-1-200x100.jpg 200w, https:\/\/lanbi.com\/wp-content\/uploads\/2023\/01\/customized-1-400x199.jpg 400w, https:\/\/lanbi.com\/wp-content\/uploads\/2023\/01\/customized-1-600x299.jpg 600w, https:\/\/lanbi.com\/wp-content\/uploads\/2023\/01\/customized-1.jpg 700w\" data-sizes=\"auto\" data-orig-sizes=\"(min-width: 2200px) 100vw, (min-width: 640px) 1570px, \" \/><\/div><\/a><\/div><\/div><div style=\"padding:0.5px;\" class=\"fusion-grid-column fusion-gallery-column fusion-gallery-column-3 hover-type-none fusion-element-grid\"><div class=\"fusion-gallery-image\"><a href=\"https:\/\/lanbi.com\/wp-content\/uploads\/2023\/01\/customized-2.jpg\" rel=\"noreferrer\" data-rel=\"iLightbox[gallery_image_1]\" class=\"fusion-lightbox\" target=\"_self\"><div style=\"padding-top:calc((100% + 0px) * 0.8 - 0.5px);background-position:;\" class=\"fusion-masonry-element-container lazyload\" data-bg=\"https:\/\/lanbi.com\/wp-content\/uploads\/2023\/01\/customized-2.jpg\"><img decoding=\"async\" src=\"https:\/\/lanbi.com\/wp-content\/uploads\/2023\/01\/customized-2.jpg\" data-orig-src=\"https:\/\/lanbi.com\/wp-content\/uploads\/2023\/01\/customized-2.jpg\" width=\"500\" height=\"313\" alt=\"\" title=\"customized-2\" aria-label=\"customized-2\" class=\"lazyload img-responsive wp-image-7557\" srcset=\"data:image\/svg+xml,%3Csvg%20xmlns%3D%27http%3A%2F%2Fwww.w3.org%2F2000%2Fsvg%27%20width%3D%27500%27%20height%3D%27313%27%20viewBox%3D%270%200%20500%20313%27%3E%3Crect%20width%3D%27500%27%20height%3D%27313%27%20fill-opacity%3D%220%22%2F%3E%3C%2Fsvg%3E\" data-srcset=\"https:\/\/lanbi.com\/wp-content\/uploads\/2023\/01\/customized-2-200x125.jpg 200w, https:\/\/lanbi.com\/wp-content\/uploads\/2023\/01\/customized-2-400x250.jpg 400w, https:\/\/lanbi.com\/wp-content\/uploads\/2023\/01\/customized-2.jpg 500w\" data-sizes=\"auto\" data-orig-sizes=\"(min-width: 2200px) 100vw, (min-width: 824px) 523px, (min-width: 732px) 824px, (min-width: 640px) 732px, \" \/><\/div><\/a><\/div><\/div><div style=\"padding:0.5px;\" class=\"fusion-grid-column fusion-gallery-column fusion-gallery-column-3 hover-type-none fusion-element-grid\"><div class=\"fusion-gallery-image\"><a href=\"https:\/\/lanbi.com\/wp-content\/uploads\/2023\/01\/customized-3.jpg\" rel=\"noreferrer\" data-rel=\"iLightbox[gallery_image_1]\" class=\"fusion-lightbox\" target=\"_self\"><div style=\"padding-top:calc((100% + 0px) * 0.8 - 0.5px);background-position:;\" class=\"fusion-masonry-element-container lazyload\" data-bg=\"https:\/\/lanbi.com\/wp-content\/uploads\/2023\/01\/customized-3.jpg\"><img decoding=\"async\" src=\"https:\/\/lanbi.com\/wp-content\/uploads\/2023\/01\/customized-3.jpg\" data-orig-src=\"https:\/\/lanbi.com\/wp-content\/uploads\/2023\/01\/customized-3.jpg\" width=\"500\" height=\"333\" alt=\"\" title=\"customized-3\" aria-label=\"customized-3\" class=\"lazyload img-responsive wp-image-7558\" srcset=\"data:image\/svg+xml,%3Csvg%20xmlns%3D%27http%3A%2F%2Fwww.w3.org%2F2000%2Fsvg%27%20width%3D%27500%27%20height%3D%27333%27%20viewBox%3D%270%200%20500%20333%27%3E%3Crect%20width%3D%27500%27%20height%3D%27333%27%20fill-opacity%3D%220%22%2F%3E%3C%2Fsvg%3E\" data-srcset=\"https:\/\/lanbi.com\/wp-content\/uploads\/2023\/01\/customized-3-200x133.jpg 200w, https:\/\/lanbi.com\/wp-content\/uploads\/2023\/01\/customized-3-400x266.jpg 400w, https:\/\/lanbi.com\/wp-content\/uploads\/2023\/01\/customized-3.jpg 500w\" data-sizes=\"auto\" data-orig-sizes=\"(min-width: 2200px) 100vw, (min-width: 824px) 523px, (min-width: 732px) 824px, (min-width: 640px) 732px, \" \/><\/div><\/a><\/div><\/div><div style=\"padding:0.5px;\" class=\"fusion-grid-column fusion-gallery-column fusion-gallery-column-3 hover-type-none fusion-element-grid\"><div class=\"fusion-gallery-image\"><a href=\"https:\/\/lanbi.com\/wp-content\/uploads\/2023\/01\/customized-4.jpg\" rel=\"noreferrer\" data-rel=\"iLightbox[gallery_image_1]\" class=\"fusion-lightbox\" target=\"_self\"><div style=\"padding-top:calc((100% + 0px) * 0.8 - 0.5px);background-position:;\" class=\"fusion-masonry-element-container lazyload\" data-bg=\"https:\/\/lanbi.com\/wp-content\/uploads\/2023\/01\/customized-4.jpg\"><img decoding=\"async\" src=\"https:\/\/lanbi.com\/wp-content\/uploads\/2023\/01\/customized-4.jpg\" data-orig-src=\"https:\/\/lanbi.com\/wp-content\/uploads\/2023\/01\/customized-4.jpg\" width=\"600\" height=\"400\" alt=\"\" title=\"customized-4\" aria-label=\"customized-4\" class=\"lazyload img-responsive wp-image-7559\" srcset=\"data:image\/svg+xml,%3Csvg%20xmlns%3D%27http%3A%2F%2Fwww.w3.org%2F2000%2Fsvg%27%20width%3D%27600%27%20height%3D%27400%27%20viewBox%3D%270%200%20600%20400%27%3E%3Crect%20width%3D%27600%27%20height%3D%27400%27%20fill-opacity%3D%220%22%2F%3E%3C%2Fsvg%3E\" data-srcset=\"https:\/\/lanbi.com\/wp-content\/uploads\/2023\/01\/customized-4-200x133.jpg 200w, https:\/\/lanbi.com\/wp-content\/uploads\/2023\/01\/customized-4-400x267.jpg 400w, https:\/\/lanbi.com\/wp-content\/uploads\/2023\/01\/customized-4.jpg 600w\" data-sizes=\"auto\" data-orig-sizes=\"(min-width: 2200px) 100vw, (min-width: 824px) 523px, (min-width: 732px) 824px, (min-width: 640px) 732px, \" \/><\/div><\/a><\/div><\/div><div style=\"padding:0.5px;\" class=\"fusion-grid-column fusion-gallery-column fusion-gallery-column-3 hover-type-none fusion-element-grid\"><div class=\"fusion-gallery-image\"><a href=\"https:\/\/lanbi.com\/wp-content\/uploads\/2023\/01\/customized-5.jpg\" rel=\"noreferrer\" data-rel=\"iLightbox[gallery_image_1]\" class=\"fusion-lightbox\" target=\"_self\"><div style=\"padding-top:calc((100% + 0px) * 0.8 - 0.5px);background-position:;\" class=\"fusion-masonry-element-container lazyload\" data-bg=\"https:\/\/lanbi.com\/wp-content\/uploads\/2023\/01\/customized-5.jpg\"><img decoding=\"async\" src=\"https:\/\/lanbi.com\/wp-content\/uploads\/2023\/01\/customized-5.jpg\" data-orig-src=\"https:\/\/lanbi.com\/wp-content\/uploads\/2023\/01\/customized-5.jpg\" width=\"600\" height=\"400\" alt=\"\" title=\"customized-5\" aria-label=\"customized-5\" class=\"lazyload img-responsive wp-image-7560\" srcset=\"data:image\/svg+xml,%3Csvg%20xmlns%3D%27http%3A%2F%2Fwww.w3.org%2F2000%2Fsvg%27%20width%3D%27600%27%20height%3D%27400%27%20viewBox%3D%270%200%20600%20400%27%3E%3Crect%20width%3D%27600%27%20height%3D%27400%27%20fill-opacity%3D%220%22%2F%3E%3C%2Fsvg%3E\" data-srcset=\"https:\/\/lanbi.com\/wp-content\/uploads\/2023\/01\/customized-5-200x133.jpg 200w, https:\/\/lanbi.com\/wp-content\/uploads\/2023\/01\/customized-5-400x267.jpg 400w, https:\/\/lanbi.com\/wp-content\/uploads\/2023\/01\/customized-5.jpg 600w\" data-sizes=\"auto\" data-orig-sizes=\"(min-width: 2200px) 100vw, (min-width: 824px) 523px, (min-width: 732px) 824px, (min-width: 640px) 732px, \" \/><\/div><\/a><\/div><\/div><\/div><\/div><\/div><\/div><\/div><\/div><div class=\"fusion-fullwidth fullwidth-box fusion-builder-row-4 fusion-flex-container nonhundred-percent-fullwidth non-hundred-percent-height-scrolling\" style=\"--awb-border-radius-top-left:0px;--awb-border-radius-top-right:0px;--awb-border-radius-bottom-right:0px;--awb-border-radius-bottom-left:0px;--awb-flex-wrap:wrap;\" ><div class=\"fusion-builder-row fusion-row fusion-flex-align-items-flex-start fusion-flex-content-wrap\" style=\"max-width:1632.8px;margin-left: calc(-4% \/ 2 );margin-right: calc(-4% \/ 2 );\"><div class=\"fusion-layout-column fusion_builder_column fusion-builder-column-4 fusion_builder_column_1_1 1_1 fusion-flex-column\" style=\"--awb-bg-size:cover;--awb-width-large:100%;--awb-margin-top-large:0px;--awb-spacing-right-large:1.92%;--awb-margin-bottom-large:20px;--awb-spacing-left-large:1.92%;--awb-width-medium:100%;--awb-order-medium:0;--awb-spacing-right-medium:1.92%;--awb-spacing-left-medium:1.92%;--awb-width-small:100%;--awb-order-small:0;--awb-spacing-right-small:1.92%;--awb-spacing-left-small:1.92%;\"><div class=\"fusion-column-wrapper fusion-column-has-shadow fusion-flex-justify-content-flex-start fusion-content-layout-column\"><div class=\"fusion-separator fusion-full-width-sep\" style=\"align-self: center;margin-left: auto;margin-right: auto;margin-top:40px;width:100%;\"><\/div><\/div><\/div><\/div><\/div><\/p>\n","protected":false},"excerpt":{"rendered":"","protected":false},"author":1,"featured_media":15404,"parent":0,"menu_order":0,"comment_status":"closed","ping_status":"closed","template":"100-width.php","meta":[],"yoast_head":"<!-- This site is optimized with the Yoast SEO plugin v20.10 - https:\/\/yoast.com\/wordpress\/plugins\/seo\/ -->\n<title>Ma\u00dfgeschneiderte L\u00f6sungen - LANBI Ball Joints &amp; Tie Rods<\/title>\n<meta name=\"robots\" content=\"index, follow, max-snippet:-1, max-image-preview:large, max-video-preview:-1\" \/>\n<link rel=\"canonical\" href=\"https:\/\/lanbi.com\/de\/massgeschneiderte-loesungen\/\" \/>\n<meta property=\"og:locale\" content=\"de_DE\" \/>\n<meta property=\"og:type\" content=\"article\" \/>\n<meta property=\"og:title\" content=\"Ma\u00dfgeschneiderte L\u00f6sungen - LANBI Ball Joints &amp; Tie Rods\" \/>\n<meta property=\"og:url\" content=\"https:\/\/lanbi.com\/de\/massgeschneiderte-loesungen\/\" \/>\n<meta property=\"og:site_name\" content=\"LANBI Ball Joints &amp; Tie Rods\" \/>\n<meta property=\"article:modified_time\" content=\"2023-04-18T18:45:51+00:00\" \/>\n<meta property=\"og:image\" content=\"https:\/\/lanbi.com\/wp-content\/uploads\/2021\/11\/banner-13.jpg\" \/>\n\t<meta property=\"og:image:width\" content=\"1393\" \/>\n\t<meta property=\"og:image:height\" content=\"430\" \/>\n\t<meta property=\"og:image:type\" content=\"image\/jpeg\" \/>\n<meta name=\"twitter:card\" content=\"summary_large_image\" \/>\n<meta name=\"twitter:label1\" content=\"Gesch\u00e4tzte Lesezeit\" \/>\n\t<meta name=\"twitter:data1\" content=\"10\u00a0Minuten\" \/>\n<script type=\"application\/ld+json\" class=\"yoast-schema-graph\">{\"@context\":\"https:\/\/schema.org\",\"@graph\":[{\"@type\":\"WebPage\",\"@id\":\"https:\/\/lanbi.com\/de\/massgeschneiderte-loesungen\/\",\"url\":\"https:\/\/lanbi.com\/de\/massgeschneiderte-loesungen\/\",\"name\":\"Ma\u00dfgeschneiderte L\u00f6sungen - LANBI Ball Joints &amp; Tie Rods\",\"isPartOf\":{\"@id\":\"https:\/\/lanbi.com\/de\/#website\"},\"datePublished\":\"2022-11-21T18:54:48+00:00\",\"dateModified\":\"2023-04-18T18:45:51+00:00\",\"breadcrumb\":{\"@id\":\"https:\/\/lanbi.com\/de\/massgeschneiderte-loesungen\/#breadcrumb\"},\"inLanguage\":\"de\",\"potentialAction\":[{\"@type\":\"ReadAction\",\"target\":[\"https:\/\/lanbi.com\/de\/massgeschneiderte-loesungen\/\"]}]},{\"@type\":\"BreadcrumbList\",\"@id\":\"https:\/\/lanbi.com\/de\/massgeschneiderte-loesungen\/#breadcrumb\",\"itemListElement\":[{\"@type\":\"ListItem\",\"position\":1,\"name\":\"Home\",\"item\":\"https:\/\/lanbi.com\/de\/home\/\"},{\"@type\":\"ListItem\",\"position\":2,\"name\":\"Ma\u00dfgeschneiderte L\u00f6sungen\"}]},{\"@type\":\"WebSite\",\"@id\":\"https:\/\/lanbi.com\/de\/#website\",\"url\":\"https:\/\/lanbi.com\/de\/\",\"name\":\"LANBI Ball Joints &amp; Tie Rods\",\"description\":\"LANBI ball joints &amp; tie rods\",\"publisher\":{\"@id\":\"https:\/\/lanbi.com\/de\/#organization\"},\"potentialAction\":[{\"@type\":\"SearchAction\",\"target\":{\"@type\":\"EntryPoint\",\"urlTemplate\":\"https:\/\/lanbi.com\/de\/?s={search_term_string}\"},\"query-input\":\"required name=search_term_string\"}],\"inLanguage\":\"de\"},{\"@type\":\"Organization\",\"@id\":\"https:\/\/lanbi.com\/de\/#organization\",\"name\":\"LANBI Ball Joints &amp; Tie Rods\",\"url\":\"https:\/\/lanbi.com\/de\/\",\"logo\":{\"@type\":\"ImageObject\",\"inLanguage\":\"de\",\"@id\":\"https:\/\/lanbi.com\/de\/#\/schema\/logo\/image\/\",\"url\":\"https:\/\/lanbi.com\/wp-content\/uploads\/2022\/05\/logo-lanbi_negro.png\",\"contentUrl\":\"https:\/\/lanbi.com\/wp-content\/uploads\/2022\/05\/logo-lanbi_negro.png\",\"width\":322,\"height\":100,\"caption\":\"LANBI Ball Joints &amp; Tie Rods\"},\"image\":{\"@id\":\"https:\/\/lanbi.com\/de\/#\/schema\/logo\/image\/\"}}]}<\/script>\n<!-- \/ Yoast SEO plugin. -->","yoast_head_json":{"title":"Ma\u00dfgeschneiderte L\u00f6sungen - LANBI Ball Joints &amp; Tie Rods","robots":{"index":"index","follow":"follow","max-snippet":"max-snippet:-1","max-image-preview":"max-image-preview:large","max-video-preview":"max-video-preview:-1"},"canonical":"https:\/\/lanbi.com\/de\/massgeschneiderte-loesungen\/","og_locale":"de_DE","og_type":"article","og_title":"Ma\u00dfgeschneiderte L\u00f6sungen - LANBI Ball Joints &amp; Tie Rods","og_url":"https:\/\/lanbi.com\/de\/massgeschneiderte-loesungen\/","og_site_name":"LANBI Ball Joints &amp; Tie Rods","article_modified_time":"2023-04-18T18:45:51+00:00","og_image":[{"width":1393,"height":430,"url":"https:\/\/lanbi.com\/wp-content\/uploads\/2021\/11\/banner-13.jpg","type":"image\/jpeg"}],"twitter_card":"summary_large_image","twitter_misc":{"Gesch\u00e4tzte Lesezeit":"10\u00a0Minuten"},"schema":{"@context":"https:\/\/schema.org","@graph":[{"@type":"WebPage","@id":"https:\/\/lanbi.com\/de\/massgeschneiderte-loesungen\/","url":"https:\/\/lanbi.com\/de\/massgeschneiderte-loesungen\/","name":"Ma\u00dfgeschneiderte L\u00f6sungen - LANBI Ball Joints &amp; Tie Rods","isPartOf":{"@id":"https:\/\/lanbi.com\/de\/#website"},"datePublished":"2022-11-21T18:54:48+00:00","dateModified":"2023-04-18T18:45:51+00:00","breadcrumb":{"@id":"https:\/\/lanbi.com\/de\/massgeschneiderte-loesungen\/#breadcrumb"},"inLanguage":"de","potentialAction":[{"@type":"ReadAction","target":["https:\/\/lanbi.com\/de\/massgeschneiderte-loesungen\/"]}]},{"@type":"BreadcrumbList","@id":"https:\/\/lanbi.com\/de\/massgeschneiderte-loesungen\/#breadcrumb","itemListElement":[{"@type":"ListItem","position":1,"name":"Home","item":"https:\/\/lanbi.com\/de\/home\/"},{"@type":"ListItem","position":2,"name":"Ma\u00dfgeschneiderte L\u00f6sungen"}]},{"@type":"WebSite","@id":"https:\/\/lanbi.com\/de\/#website","url":"https:\/\/lanbi.com\/de\/","name":"LANBI Ball Joints &amp; Tie Rods","description":"LANBI ball joints &amp; tie rods","publisher":{"@id":"https:\/\/lanbi.com\/de\/#organization"},"potentialAction":[{"@type":"SearchAction","target":{"@type":"EntryPoint","urlTemplate":"https:\/\/lanbi.com\/de\/?s={search_term_string}"},"query-input":"required name=search_term_string"}],"inLanguage":"de"},{"@type":"Organization","@id":"https:\/\/lanbi.com\/de\/#organization","name":"LANBI Ball Joints &amp; Tie Rods","url":"https:\/\/lanbi.com\/de\/","logo":{"@type":"ImageObject","inLanguage":"de","@id":"https:\/\/lanbi.com\/de\/#\/schema\/logo\/image\/","url":"https:\/\/lanbi.com\/wp-content\/uploads\/2022\/05\/logo-lanbi_negro.png","contentUrl":"https:\/\/lanbi.com\/wp-content\/uploads\/2022\/05\/logo-lanbi_negro.png","width":322,"height":100,"caption":"LANBI Ball Joints &amp; Tie Rods"},"image":{"@id":"https:\/\/lanbi.com\/de\/#\/schema\/logo\/image\/"}}]}},"_links":{"self":[{"href":"https:\/\/lanbi.com\/de\/wp-json\/wp\/v2\/pages\/44614"}],"collection":[{"href":"https:\/\/lanbi.com\/de\/wp-json\/wp\/v2\/pages"}],"about":[{"href":"https:\/\/lanbi.com\/de\/wp-json\/wp\/v2\/types\/page"}],"author":[{"embeddable":true,"href":"https:\/\/lanbi.com\/de\/wp-json\/wp\/v2\/users\/1"}],"replies":[{"embeddable":true,"href":"https:\/\/lanbi.com\/de\/wp-json\/wp\/v2\/comments?post=44614"}],"version-history":[{"count":5,"href":"https:\/\/lanbi.com\/de\/wp-json\/wp\/v2\/pages\/44614\/revisions"}],"predecessor-version":[{"id":44619,"href":"https:\/\/lanbi.com\/de\/wp-json\/wp\/v2\/pages\/44614\/revisions\/44619"}],"wp:featuredmedia":[{"embeddable":true,"href":"https:\/\/lanbi.com\/de\/wp-json\/wp\/v2\/media\/15404"}],"wp:attachment":[{"href":"https:\/\/lanbi.com\/de\/wp-json\/wp\/v2\/media?parent=44614"}],"curies":[{"name":"wp","href":"https:\/\/api.w.org\/{rel}","templated":true}]}}